{"id":52,"date":"2024-11-04T15:25:21","date_gmt":"2024-11-04T15:25:21","guid":{"rendered":"http:\/\/jam-stands.com\/contact-us\/"},"modified":"2024-11-18T17:08:05","modified_gmt":"2024-11-18T17:08:05","slug":"contact-us","status":"publish","type":"page","link":"https:\/\/jam-stands.com\/en\/contact-us\/","title":{"rendered":"Contact Us"},"content":{"rendered":"\n    <style class=\"darkreader darkreader--sync\" media=\"screen\"><\/style>\n    <style class=\"darkreader darkreader--sync\" media=\"screen\"><\/style>\n    <style class=\"darkreader darkreader--sync\" media=\"screen\"><\/style>\n    \n    <section class=\"skrollable skrollable-between u-align-center u-clearfix u-container-align-center u-image u-shading u-section-2\" src=\"\" id=\"sec-fc01\" data-image-width=\"2048\" data-image-height=\"1152\" style=\"background-image: linear-gradient(0deg, rgba(0, 0, 0, 0.35), rgba(0, 0, 0, 0.35)), url(&quot;https:\/\/jam-stands.com\/wp-content\/uploads\/2024\/11\/21.jpeg&quot;);\">\n      <div class=\"u-clearfix u-sheet u-valign-middle u-sheet-1\">\n        <h1 class=\"u-align-center u-text u-text-1\"> Pour toute question ou simplement pour discuter amicalement. Contactez-nous.<\/h1>\n      <\/div>\n      <style class=\"darkreader darkreader--sync\" media=\"screen\"><\/style>\n      <style class=\"darkreader darkreader--sync\" media=\"screen\"><\/style>\n      <style class=\"darkreader darkreader--sync\" media=\"screen\"><\/style>\n      <style class=\"darkreader darkreader--sync\" media=\"screen\"><\/style>\n      <style class=\"darkreader darkreader--sync\" media=\"screen\"><\/style>\n    <\/section>\n    <section class=\"u-align-center u-clearfix u-container-align-center u-custom-color-4 u-section-3\" id=\"carousel_2307\">\n      <div class=\"u-clearfix u-sheet u-sheet-1\">\n        <h2 class=\"u-align-center u-text u-text-1\"> Contactez-nous pour des stands sur mesure et modulaires<\/h2>\n        <p class=\"u-align-justify u-text u-text-2\"> Pr\u00eat \u00e0 transformer votre espace ? Contactez-nous d\u00e8s aujourd'hui pour discuter de votre prochain projet. Que vous ayez besoin de Stands d'Exposition, de Stands Personnalis\u00e9s ou de Stands Modulaires con\u00e7us avec expertise, notre \u00e9quipe est l\u00e0 pour vous aider. Remplissez le formulaire ci-dessous ou contactez-nous directement pour d\u00e9couvrir comment nous pouvons donner vie \u00e0 votre marque.<br>\n          <span class=\"u-text-custom-color-2\" style=\"font-weight: 700;\"> Commen\u00e7ons \u00e0 construire votre vision ensemble !<\/span>\n        <\/p>\n        <div class=\"u-form u-form-1\">\n          <form action=\"https:\/\/forms.nicepagesrv.com\/v2\/form\/process\" class=\"u-clearfix u-form-spacing-10 u-form-vertical u-inner-form\" source=\"email\" name=\"form\" style=\"padding: 10px;\">\n            <div class=\"u-form-email u-form-group\">\n              <label for=\"email-2a88\" class=\"u-label\">Email<\/label>\n              <input type=\"email\" placeholder=\"Enter a valid email address\" id=\"email-2a88\" name=\"email\" class=\"u-input u-input-rectangle\" required=\"\">\n            <\/div>\n            <div class=\"u-form-group u-form-name\">\n              <label for=\"name-2a88\" class=\"u-label\">Name<\/label>\n              <input type=\"text\" placeholder=\"Enter your Name\" id=\"name-2a88\" name=\"name\" class=\"u-input u-input-rectangle\" required=\"\">\n            <\/div>\n            <div class=\"u-form-group u-form-message\">\n              <label for=\"message-2a88\" class=\"u-label\">Message<\/label>\n              <textarea placeholder=\"Enter your message\" rows=\"4\" cols=\"50\" id=\"message-2a88\" name=\"message\" class=\"u-input u-input-rectangle\" required=\"\"><\/textarea>\n            <\/div>\n            <div class=\"u-align-left u-form-group u-form-submit\">\n              <a href=\"#\" class=\"u-active-custom-color-2 u-btn u-btn-submit u-button-style u-custom-color-2 u-hover-custom-color-3 u-btn-1\">Submit<\/a>\n              <input type=\"submit\" value=\"submit\" class=\"u-form-control-hidden\">\n            <\/div>\n            <div class=\"u-form-send-message u-form-send-success\"> Thank you! Your message has been sent. <\/div>\n            <div class=\"u-form-send-error u-form-send-message\"> Unable to send your message. Please fix errors then try again. <\/div>\n            <input type=\"hidden\" value=\"\" name=\"recaptchaResponse\">\n            <input type=\"hidden\" name=\"formServices\" value=\"cf05615b-d3d5-647b-4891-2314ee68eaa4\">\n          <\/form>\n        <\/div>\n      <\/div>\n      <style class=\"darkreader darkreader--sync\" media=\"screen\"><\/style>\n      <style class=\"darkreader darkreader--sync\" media=\"screen\"><\/style>\n      <style class=\"darkreader darkreader--sync\" media=\"screen\"><\/style>\n      <style class=\"darkreader darkreader--sync\" media=\"screen\"><\/style>\n      <style class=\"darkreader darkreader--sync\" media=\"screen\"><\/style>\n    <\/section>\n    <section class=\"u-clearfix u-image u-section-4\" id=\"carousel_444a\" data-image-width=\"2048\" data-image-height=\"1536\" style=\"background-image: url(&quot;https:\/\/jam-stands.com\/wp-content\/uploads\/2024\/11\/31.jpg&quot;);\">\n      <div class=\"u-clearfix u-sheet u-valign-middle u-sheet-1\">\n        <div class=\"u-align-center u-container-align-center u-container-style u-group u-shape-rectangle u-white u-group-1\">\n          <div class=\"u-container-layout u-container-layout-1\">\n            <h2 class=\"u-align-center u-text u-text-1\"> Pour un aper\u00e7u suppl\u00e9mentaire de notre portfolio.<br>\n            <\/h2>\n            <a href=\"https:\/\/jam-stands.com\/portfolio\/\" class=\"u-active-custom-color-2 u-align-center u-border-2 u-border-palette-3-base u-btn u-btn-round u-button-style u-custom-color-2 u-hover-custom-color-3 u-radius-50 u-btn-1\">Portfolio <\/a>\n          <\/div>\n        <\/div>\n      <\/div>\n      <style class=\"darkreader darkreader--sync\" media=\"screen\"><\/style>\n      <style class=\"darkreader darkreader--sync\" media=\"screen\"><\/style>\n      <style class=\"darkreader darkreader--sync\" media=\"screen\"><\/style>\n      <style class=\"darkreader darkreader--sync\" media=\"screen\"><\/style>\n      <style class=\"darkreader darkreader--sync\" media=\"screen\"><\/style>\n    <\/section>\n    <section class=\"u-align-left u-clearfix u-container-align-center u-container-align-left u-section-5\" id=\"carousel_52e9\">\n      <div class=\"u-clearfix u-sheet u-sheet-1\">\n        <div class=\"data-layout-selected u-clearfix u-expanded-width u-layout-wrap u-layout-wrap-1\">\n          <div class=\"u-gutter-0 u-layout\">\n            <div class=\"u-layout-row\">\n              <div class=\"u-align-center u-container-align-center u-container-style u-image u-layout-cell u-right-cell u-size-29-lg u-size-29-xl u-size-60-md u-size-60-sm u-size-60-xs u-image-1\" data-image-width=\"2048\" data-image-height=\"1536\" style=\"background-image: url(&quot;https:\/\/jam-stands.com\/wp-content\/uploads\/2024\/11\/31.jpg&quot;);\">\n                <div class=\"u-container-layout u-container-layout-1\"><\/div>\n              <\/div>\n              <div class=\"u-align-center u-container-align-center u-container-style u-layout-cell u-left-cell u-shape-rectangle u-size-31-lg u-size-31-xl u-size-60-md u-size-60-sm u-size-60-xs u-layout-cell-2\">\n                <div class=\"u-container-layout u-container-layout-2\">\n                  <h3 class=\"u-align-center u-text u-text-1\"> Commencez votre partenariat d\u00e8s aujourd'hui.<\/h3>\n                  <p class=\"u-align-center u-text u-text-2\"> Pour toute autre demande.<\/p>\n                  <h5 class=\"u-align-left u-custom-font u-text u-text-font u-text-3\">\n                    <span style=\"font-weight: 700;\">Phone<\/span>: <a href=\"tel:+12322525522\" class=\"u-active-none u-border-2 u-border-active-custom-color-2 u-border-custom-color-2 u-border-hover-custom-color-3 u-border-no-left u-border-no-right u-border-no-top u-btn u-button-link u-button-style u-hover-none u-none u-text-active-custom-color-2 u-text-custom-color-2 u-text-hover-custom-color-3 u-btn-1\" data-animation-name=\"\" data-animation-duration=\"0\" data-animation-delay=\"0\" data-animation-direction=\"\"> +33148912686<\/a>\n                    <br>\n                    <span style=\"font-weight: 700;\">Location<\/span>: Paris, France<br>\n                    <span style=\"font-weight: 700;\">Mail<\/span>: <a href=\"mailto:accueil@jam-stands.com\" class=\"u-active-none u-border-2 u-border-active-custom-color-2 u-border-custom-color-2 u-border-hover-custom-color-3 u-border-no-left u-border-no-right u-border-no-top u-btn u-button-link u-button-style u-hover-none u-none u-text-active-custom-color-2 u-text-custom-color-2 u-text-hover-custom-color-3 u-btn-2\" target=\"_blank\" data-animation-name=\"\" data-animation-duration=\"0\" data-animation-delay=\"0\" data-animation-direction=\"\"> accueil@jam-stands.com<\/a>\n                  <\/h5>\n                <\/div>\n              <\/div>\n            <\/div>\n          <\/div>\n        <\/div>\n      <\/div>\n      <style class=\"darkreader darkreader--sync\" media=\"screen\"><\/style>\n      <style class=\"darkreader darkreader--sync\" media=\"screen\"><\/style>\n      <style class=\"darkreader darkreader--sync\" media=\"screen\"><\/style>\n      <style class=\"darkreader darkreader--sync\" media=\"screen\"><\/style>\n      <style class=\"darkreader darkreader--sync\" media=\"screen\"><\/style>\n    <\/section>\n    <section class=\"u-align-center-xs u-clearfix u-white u-section-6\" id=\"carousel_71c3\">\n      <div class=\"u-clearfix u-sheet u-sheet-1\">\n        <h2 class=\"u-align-center u-text u-text-1\"> Qu'avez-vous en t\u00eate ? Nous vous \u00e9coutons!<\/h2>\n        <div class=\"data-layout-selected u-clearfix u-expanded-width u-layout-wrap u-white u-layout-wrap-1\">\n          <div class=\"u-layout\">\n            <div class=\"u-layout-row\">\n              <div class=\"u-align-center-sm u-align-center-xs u-align-left-lg u-align-left-md u-align-left-xl u-container-align-left u-container-style u-grey-10 u-layout-cell u-size-30 u-layout-cell-1\">\n                <div class=\"u-container-layout u-container-layout-1\">\n                  <p class=\"u-align-left u-text u-text-2\"> Faites-nous part de vos questions, suggestions et pr\u00e9occupations en remplissant le formulaire de contact ci-dessous.<\/p>\n                  <div class=\"u-social-icons u-spacing-20 u-social-icons-1\">\n                    <a class=\"u-social-url\" target=\"_blank\" data-type=\"Phone\" title=\"Phone\" href=\"tel:0033148912686\"><span class=\"u-icon u-social-icon u-social-phone u-text-black u-icon-1\"><svg class=\"u-svg-link\" preserveAspectRatio=\"xMidYMin slice\" viewBox=\"0 0 112 112\" style=\"\"><use xlink:href=\"#svg-f906\"><\/use><\/svg><svg class=\"u-svg-content\" viewBox=\"0 0 112 112\" x=\"0\" y=\"0\" id=\"svg-f906\"><circle style=\"\"><\/circle><\/svg><\/span>\n                    <\/a>\n                    <a class=\"u-social-url\" target=\"_blank\" data-type=\"Email\" title=\"Email\" href=\"mailto:accueil@jam-stands.com\"><span class=\"u-icon u-social-email u-social-icon u-text-black u-icon-2\"><svg class=\"u-svg-link\" preserveAspectRatio=\"xMidYMin slice\" viewBox=\"0 0 112 112\" style=\"\"><use xlink:href=\"#svg-412d\"><\/use><\/svg><svg class=\"u-svg-content\" viewBox=\"0 0 112 112\" x=\"0\" y=\"0\" id=\"svg-412d\"><circle style=\"\"><\/circle><\/svg><\/span>\n                    <\/a>\n                  <\/div>\n                <\/div>\n              <\/div>\n              <div class=\"u-align-center-sm u-align-center-xs u-container-align-center u-container-style u-grey-10 u-layout-cell u-size-30 u-layout-cell-2\">\n                <div class=\"u-container-layout u-valign-middle-lg u-valign-middle-md u-valign-middle-xl u-container-layout-2\">\n                  <div class=\"u-form u-form-1\">\n                    <form action=\"https:\/\/forms.nicepagesrv.com\/v2\/form\/process\" class=\"u-clearfix u-form-spacing-13 u-form-vertical u-inner-form\" style=\"padding: 0px;\" source=\"email\" name=\"form-2\">\n                      <div class=\"u-form-group u-form-name\">\n                        <label for=\"name-da97\" class=\"u-label\" wfd-invisible=\"true\">Name<\/label>\n                        <input type=\"text\" placeholder=\"Enter your Name\" id=\"name-da97\" name=\"name\" class=\"u-border-2 u-border-grey-75 u-border-no-left u-border-no-right u-border-no-top u-input u-input-rectangle\" required=\"\">\n                      <\/div>\n                      <div class=\"u-form-group u-form-partition-factor-2 u-form-phone u-form-group-2\">\n                        <label for=\"phone-10f2\" class=\"u-label\" wfd-invisible=\"true\">Phone<\/label>\n                        <input type=\"tel\" pattern=\"+?d{0,3}[s(-]?([0-9]{2,3})[s)-]?([s-]?)([0-9]{3})[s-]?([0-9]{2})[s-]?([0-9]{2})\" placeholder=\"Enter your phone (e.g. +14155552675)\" id=\"phone-10f2\" name=\"phone\" class=\"u-border-2 u-border-grey-75 u-border-no-left u-border-no-right u-border-no-top u-input u-input-rectangle\">\n                      <\/div>\n                      <div class=\"u-form-email u-form-group u-form-partition-factor-2\">\n                        <label for=\"email-da97\" class=\"u-label\" wfd-invisible=\"true\">Email<\/label>\n                        <input type=\"email\" placeholder=\"Enter a valid email address\" id=\"email-da97\" name=\"email\" class=\"u-border-2 u-border-grey-75 u-border-no-left u-border-no-right u-border-no-top u-input u-input-rectangle\" required=\"\">\n                      <\/div>\n                      <div class=\"u-align-right u-form-group u-form-submit\">\n                        <a href=\"#\" class=\"u-active-custom-color-2 u-border-none u-btn u-btn-round u-btn-submit u-button-style u-custom-color-2 u-hover-custom-color-3 u-radius-50 u-btn-1\">contact us<\/a>\n                        <input type=\"submit\" value=\"submit\" class=\"u-form-control-hidden\" wfd-invisible=\"true\">\n                      <\/div>\n                      <div class=\"u-form-send-message u-form-send-success\" wfd-invisible=\"true\"> Thank you! Your message has been sent. <\/div>\n                      <div class=\"u-form-send-error u-form-send-message\" wfd-invisible=\"true\"> Unable to send your message. Please fix errors then try again. <\/div>\n                      <input type=\"hidden\" value=\"\" name=\"recaptchaResponse\" wfd-invisible=\"true\">\n                      <input type=\"hidden\" name=\"formServices\" value=\"cf05615b-d3d5-647b-4891-2314ee68eaa4\">\n                    <\/form>\n                  <\/div>\n                <\/div>\n              <\/div>\n            <\/div>\n          <\/div>\n        <\/div>\n      <\/div>\n      <style class=\"darkreader darkreader--sync\" media=\"screen\"><\/style>\n      <style class=\"darkreader darkreader--sync\" media=\"screen\"><\/style>\n      <style class=\"darkreader darkreader--sync\" media=\"screen\"><\/style>\n      <style class=\"darkreader darkreader--sync\" media=\"screen\"><\/style>\n      <style class=\"darkreader darkreader--sync\" media=\"screen\"><\/style>\n    <\/section>\n    \n    <style class=\"darkreader darkreader--sync\" media=\"screen\"><\/style>\n    \n    \n    \n  \n","protected":false},"excerpt":{"rendered":"<p>Pour toute question ou simplement pour discuter amicalement. Contactez-nous. Contactez-nous pour des stands sur mesure et modulaires Pr\u00eat \u00e0 transformer votre espace ? Contactez-nous d\u00e8s aujourd&rsquo;hui pour discuter de votre prochain projet. Que vous ayez besoin de Stands d&rsquo;Exposition, de Stands Personnalis\u00e9s ou de Stands Modulaires con\u00e7us avec expertise, notre \u00e9quipe est l\u00e0 pour vous &hellip; <a href=\"https:\/\/jam-stands.com\/en\/contact-us\/\" class=\"more-link\">Continue reading<span class=\"screen-reader-text\"> \u00ab\u00a0Contact Us\u00a0\u00bb<\/span><\/a><\/p>","protected":false},"author":1,"featured_media":0,"parent":0,"menu_order":3,"comment_status":"closed","ping_status":"closed","template":"","meta":{"_coblocks_attr":"","_coblocks_dimensions":"","_coblocks_responsive_height":"","_coblocks_accordion_ie_support":"","footnotes":""},"class_list":["post-52","page","type-page","status-publish","hentry"],"yoast_head":"<!-- This site is optimized with the Yoast SEO plugin v27.4 - https:\/\/yoast.com\/product\/yoast-seo-wordpress\/ -->\n<title>Contact Us - Fabricant de stands<\/title>\n<meta name=\"description\" content=\"JAM con\u00e7oit des stands sur mesure et showrooms uniques, adapt\u00e9s \u00e0 votre marque, pour des exp\u00e9riences\u00a0inoubliables\" \/>\n<meta name=\"robots\" content=\"index, follow, max-snippet:-1, max-image-preview:large, max-video-preview:-1\" \/>\n<link rel=\"canonical\" href=\"https:\/\/jam-stands.com\/en\/contact-us\/\" \/>\n<meta property=\"og:locale\" content=\"en_GB\" \/>\n<meta property=\"og:type\" content=\"article\" \/>\n<meta property=\"og:title\" content=\"Contact Us - Fabricant de stands\" \/>\n<meta property=\"og:description\" content=\"JAM con\u00e7oit des stands sur mesure et showrooms uniques, adapt\u00e9s \u00e0 votre marque, pour des exp\u00e9riences\u00a0inoubliables\" \/>\n<meta property=\"og:url\" content=\"https:\/\/jam-stands.com\/en\/contact-us\/\" \/>\n<meta property=\"og:site_name\" content=\"Fabricant de stands\" \/>\n<meta property=\"article:modified_time\" content=\"2024-11-18T17:08:05+00:00\" \/>\n<meta name=\"twitter:card\" content=\"summary_large_image\" \/>\n<meta name=\"twitter:label1\" content=\"Estimated reading time\" \/>\n\t<meta name=\"twitter:data1\" content=\"1 minute\" \/>\n<script type=\"application\/ld+json\" class=\"yoast-schema-graph\">{\"@context\":\"https:\\\/\\\/schema.org\",\"@graph\":[{\"@type\":\"WebPage\",\"@id\":\"https:\\\/\\\/jam-stands.com\\\/contact-us\\\/\",\"url\":\"https:\\\/\\\/jam-stands.com\\\/contact-us\\\/\",\"name\":\"Contact Us - Fabricant de stands\",\"isPartOf\":{\"@id\":\"https:\\\/\\\/jam-stands.com\\\/#website\"},\"datePublished\":\"2024-11-04T15:25:21+00:00\",\"dateModified\":\"2024-11-18T17:08:05+00:00\",\"description\":\"JAM con\u00e7oit des stands sur mesure et showrooms uniques, adapt\u00e9s \u00e0 votre marque, pour des exp\u00e9riences\u00a0inoubliables\",\"breadcrumb\":{\"@id\":\"https:\\\/\\\/jam-stands.com\\\/contact-us\\\/#breadcrumb\"},\"inLanguage\":\"en-GB\",\"potentialAction\":[{\"@type\":\"ReadAction\",\"target\":[\"https:\\\/\\\/jam-stands.com\\\/contact-us\\\/\"]}]},{\"@type\":\"BreadcrumbList\",\"@id\":\"https:\\\/\\\/jam-stands.com\\\/contact-us\\\/#breadcrumb\",\"itemListElement\":[{\"@type\":\"ListItem\",\"position\":1,\"name\":\"Home\",\"item\":\"https:\\\/\\\/jam-stands.com\\\/\"},{\"@type\":\"ListItem\",\"position\":2,\"name\":\"Contact Us\"}]},{\"@type\":\"WebSite\",\"@id\":\"https:\\\/\\\/jam-stands.com\\\/#website\",\"url\":\"https:\\\/\\\/jam-stands.com\\\/\",\"name\":\"Fabricant de stands\",\"description\":\"\",\"publisher\":{\"@id\":\"https:\\\/\\\/jam-stands.com\\\/#organization\"},\"potentialAction\":[{\"@type\":\"SearchAction\",\"target\":{\"@type\":\"EntryPoint\",\"urlTemplate\":\"https:\\\/\\\/jam-stands.com\\\/?s={search_term_string}\"},\"query-input\":{\"@type\":\"PropertyValueSpecification\",\"valueRequired\":true,\"valueName\":\"search_term_string\"}}],\"inLanguage\":\"en-GB\"},{\"@type\":\"Organization\",\"@id\":\"https:\\\/\\\/jam-stands.com\\\/#organization\",\"name\":\"Fabricant de stands\",\"url\":\"https:\\\/\\\/jam-stands.com\\\/\",\"logo\":{\"@type\":\"ImageObject\",\"inLanguage\":\"en-GB\",\"@id\":\"https:\\\/\\\/jam-stands.com\\\/#\\\/schema\\\/logo\\\/image\\\/\",\"url\":\"https:\\\/\\\/jam-stands.com\\\/wp-content\\\/uploads\\\/2024\\\/11\\\/cropped-JAM_logo_600px-2.jpg\",\"contentUrl\":\"https:\\\/\\\/jam-stands.com\\\/wp-content\\\/uploads\\\/2024\\\/11\\\/cropped-JAM_logo_600px-2.jpg\",\"width\":240,\"height\":135,\"caption\":\"Fabricant de stands\"},\"image\":{\"@id\":\"https:\\\/\\\/jam-stands.com\\\/#\\\/schema\\\/logo\\\/image\\\/\"}}]}<\/script>\n<!-- \/ Yoast SEO plugin. -->","yoast_head_json":{"title":"Contact Us - Fabricant de stands","description":"JAM con\u00e7oit des stands sur mesure et showrooms uniques, adapt\u00e9s \u00e0 votre marque, pour des exp\u00e9riences\u00a0inoubliables","robots":{"index":"index","follow":"follow","max-snippet":"max-snippet:-1","max-image-preview":"max-image-preview:large","max-video-preview":"max-video-preview:-1"},"canonical":"https:\/\/jam-stands.com\/en\/contact-us\/","og_locale":"en_GB","og_type":"article","og_title":"Contact Us - Fabricant de stands","og_description":"JAM con\u00e7oit des stands sur mesure et showrooms uniques, adapt\u00e9s \u00e0 votre marque, pour des exp\u00e9riences\u00a0inoubliables","og_url":"https:\/\/jam-stands.com\/en\/contact-us\/","og_site_name":"Fabricant de stands","article_modified_time":"2024-11-18T17:08:05+00:00","twitter_card":"summary_large_image","twitter_misc":{"Estimated reading time":"1 minute"},"schema":{"@context":"https:\/\/schema.org","@graph":[{"@type":"WebPage","@id":"https:\/\/jam-stands.com\/contact-us\/","url":"https:\/\/jam-stands.com\/contact-us\/","name":"Contact Us - Fabricant de stands","isPartOf":{"@id":"https:\/\/jam-stands.com\/#website"},"datePublished":"2024-11-04T15:25:21+00:00","dateModified":"2024-11-18T17:08:05+00:00","description":"JAM con\u00e7oit des stands sur mesure et showrooms uniques, adapt\u00e9s \u00e0 votre marque, pour des exp\u00e9riences\u00a0inoubliables","breadcrumb":{"@id":"https:\/\/jam-stands.com\/contact-us\/#breadcrumb"},"inLanguage":"en-GB","potentialAction":[{"@type":"ReadAction","target":["https:\/\/jam-stands.com\/contact-us\/"]}]},{"@type":"BreadcrumbList","@id":"https:\/\/jam-stands.com\/contact-us\/#breadcrumb","itemListElement":[{"@type":"ListItem","position":1,"name":"Home","item":"https:\/\/jam-stands.com\/"},{"@type":"ListItem","position":2,"name":"Contact Us"}]},{"@type":"WebSite","@id":"https:\/\/jam-stands.com\/#website","url":"https:\/\/jam-stands.com\/","name":"Stand Builder","description":"","publisher":{"@id":"https:\/\/jam-stands.com\/#organization"},"potentialAction":[{"@type":"SearchAction","target":{"@type":"EntryPoint","urlTemplate":"https:\/\/jam-stands.com\/?s={search_term_string}"},"query-input":{"@type":"PropertyValueSpecification","valueRequired":true,"valueName":"search_term_string"}}],"inLanguage":"en-GB"},{"@type":"Organization","@id":"https:\/\/jam-stands.com\/#organization","name":"Stand Builder","url":"https:\/\/jam-stands.com\/","logo":{"@type":"ImageObject","inLanguage":"en-GB","@id":"https:\/\/jam-stands.com\/#\/schema\/logo\/image\/","url":"https:\/\/jam-stands.com\/wp-content\/uploads\/2024\/11\/cropped-JAM_logo_600px-2.jpg","contentUrl":"https:\/\/jam-stands.com\/wp-content\/uploads\/2024\/11\/cropped-JAM_logo_600px-2.jpg","width":240,"height":135,"caption":"Fabricant de stands"},"image":{"@id":"https:\/\/jam-stands.com\/#\/schema\/logo\/image\/"}}]}},"_links":{"self":[{"href":"https:\/\/jam-stands.com\/en\/wp-json\/wp\/v2\/pages\/52","targetHints":{"allow":["GET"]}}],"collection":[{"href":"https:\/\/jam-stands.com\/en\/wp-json\/wp\/v2\/pages"}],"about":[{"href":"https:\/\/jam-stands.com\/en\/wp-json\/wp\/v2\/types\/page"}],"author":[{"embeddable":true,"href":"https:\/\/jam-stands.com\/en\/wp-json\/wp\/v2\/users\/1"}],"replies":[{"embeddable":true,"href":"https:\/\/jam-stands.com\/en\/wp-json\/wp\/v2\/comments?post=52"}],"version-history":[{"count":4,"href":"https:\/\/jam-stands.com\/en\/wp-json\/wp\/v2\/pages\/52\/revisions"}],"predecessor-version":[{"id":90,"href":"https:\/\/jam-stands.com\/en\/wp-json\/wp\/v2\/pages\/52\/revisions\/90"}],"wp:attachment":[{"href":"https:\/\/jam-stands.com\/en\/wp-json\/wp\/v2\/media?parent=52"}],"curies":[{"name":"wp","href":"https:\/\/api.w.org\/{rel}","templated":true}]}}